{"id":66696,"date":"2022-01-26T16:18:08","date_gmt":"2022-01-26T13:18:08","guid":{"rendered":"https:\/\/roinworld.com\/?page_id=66696"},"modified":"2023-01-24T14:39:55","modified_gmt":"2023-01-24T11:39:55","slug":"politica-de-seguridad-y-salud-en-el-trabajo","status":"publish","type":"page","link":"https:\/\/roinworld.com\/es\/politica-de-seguridad-y-salud-en-el-trabajo\/","title":{"rendered":"Pol\u00edtica de seguridad y salud en el trabajo"},"content":{"rendered":"<p>La seguridad y la salud de nuestros empleados y empleadas es esencial para Roin World SL, por lo tanto, hacemos todo lo que est\u00e1 en nuestra mano para promocionar y mejorar las condiciones de salud y seguridad dentro de la empresa.<\/p>\n<p>Nuestro plan de prevenci\u00f3n de riesgos laborales aplica una serie de principios por los que se rigen todos los empleados y empleadas de la empresa, entre los que destacan:<\/p>\n<ul>\n<li>Cumplir y hacer cumplir la legislaci\u00f3n vigente y los requisitos que la organizaci\u00f3n establezca en materia de prevenci\u00f3n de riesgos laborales de acuerdo a la norma de aplicaci\u00f3n.<\/li>\n<li>Cumplir y hacer cumplir el Plan de Prevenci\u00f3n de Riesgos Laborales de la empresa, dise\u00f1ado de acuerdo con las particularidades de nuestra actividad y sector, de forma que con la consecuci\u00f3n del objetivo empresarial se logre el cumplimiento de los principios de la actividad preventiva.<\/li>\n<li>Disponer de los recursos necesarios y poner en marcha las pautas precisas para fomentar una cultura preventiva integral, integrada, participativa, activa y de progreso.<\/li>\n<li>Cumplir y hacer cumplir las funciones encomendadas en materia preventiva en orden a las responsabilidades establecidas a cada nivel jer\u00e1rquico.<\/li>\n<li>Garantizar la capacitaci\u00f3n en materia preventiva de todos los trabajadores, de forma que tengan conocimiento de los riesgos laborales de su actividad, de las medidas preventivas destinadas a eliminar, o en su defecto, a controlar dichos riesgos; y sean capaces de poner en pr\u00e1ctica las actuaciones preventivas precisas, en pro de su seguridad, ante las situaciones de riesgo no controladas que puedan encontrarse en el d\u00eda a d\u00eda, especialmente en el \u00abtrabajo de campo\u00bb en los centros de trabajo de responsabilidad ajena (instalaciones de empresas clientes).<\/li>\n<li>Dotar a los trabajadores de los equipos de protecci\u00f3n individual precisos seg\u00fan los riesgos derivados de cada puesto de trabajo, as\u00ed como velar por su correcta utilizaci\u00f3n, con el fin de controlar los riesgos que no hayan podido ser eliminados, incluyendo el control de riesgos que pudieran ponerse de manifiesto en centros de trabajo de responsabilidad ajena (instalaciones de empresas clientes).<\/li>\n<li>Corregir las deficiencias y desviaciones observadas adecuando los equipos mediante la coordinaci\u00f3n de actividades empresariales, adaptando los m\u00e9todos de trabajo mejorando la seguridad en su ejecuci\u00f3n, o ampliando la formaci\u00f3n de los trabajadores sobre pr\u00e1cticas operativas para impulsar comportamientos seguros.<\/li>\n<\/ul>\n<p>Esta pol\u00edtica es comunicada y entendida por el personal, y es difundida a trav\u00e9s de la p\u00e1gina web de la organizaci\u00f3n junto con los diferentes certificados, para todas aquellas partes interesadas que quieran conocer la pol\u00edtica y el alcance del sistema. Desde Direcci\u00f3n, nos comprometemos a que esta pol\u00edtica sea revisada para su continua adecuaci\u00f3n.<\/p>\n","protected":false},"excerpt":{"rendered":"<p>La seguridad y la salud de nuestros empleados y empleadas es esencial para Roin World SL, por lo tanto, hacemos [&hellip;]<\/p>\n","protected":false},"author":1,"featured_media":0,"parent":0,"menu_order":0,"comment_status":"closed","ping_status":"closed","template":"","meta":{"footnotes":""},"class_list":["post-66696","page","type-page","status-publish","hentry"],"_links":{"self":[{"href":"https:\/\/roinworld.com\/es\/wp-json\/wp\/v2\/pages\/66696","targetHints":{"allow":["GET"]}}],"collection":[{"href":"https:\/\/roinworld.com\/es\/wp-json\/wp\/v2\/pages"}],"about":[{"href":"https:\/\/roinworld.com\/es\/wp-json\/wp\/v2\/types\/page"}],"author":[{"embeddable":true,"href":"https:\/\/roinworld.com\/es\/wp-json\/wp\/v2\/users\/1"}],"replies":[{"embeddable":true,"href":"https:\/\/roinworld.com\/es\/wp-json\/wp\/v2\/comments?post=66696"}],"version-history":[{"count":2,"href":"https:\/\/roinworld.com\/es\/wp-json\/wp\/v2\/pages\/66696\/revisions"}],"predecessor-version":[{"id":66716,"href":"https:\/\/roinworld.com\/es\/wp-json\/wp\/v2\/pages\/66696\/revisions\/66716"}],"wp:attachment":[{"href":"https:\/\/roinworld.com\/es\/wp-json\/wp\/v2\/media?parent=66696"}],"curies":[{"name":"wp","href":"https:\/\/api.w.org\/{rel}","templated":true}]}}