{"id":66467,"date":"2021-06-15T14:06:51","date_gmt":"2021-06-15T11:06:51","guid":{"rendered":"https:\/\/roinworld.com\/politika-cookie\/"},"modified":"2021-06-15T14:10:50","modified_gmt":"2021-06-15T11:10:50","slug":"politica-de-cookies","status":"publish","type":"page","link":"https:\/\/roinworld.com\/es\/politica-de-cookies\/","title":{"rendered":"Politica de Cookies"},"content":{"rendered":"<p>La web de ROIN WORLD SL. utiliza cookies propias y de terceros. Una cookie es un fichero que se descarga en su ordenador al acceder a determinadas p\u00e1ginas web, entre otras finalidades, asegurar el correcto funcionamiento de la p\u00e1gina, permitir al Usuario un acceso m\u00e1s r\u00e1pido a los servicios seleccionados, almacenar y recuperar informaci\u00f3n sobre los h\u00e1bitos de navegaci\u00f3n de un usuario o de su equipo e incluso, dependiendo de la informaci\u00f3n que contengan y de la forma en que utilice su equipo, se pueden utilizar para reconocer al usuario. Las cookies se asocian \u00fanicamente a un usuario an\u00f3nimo y su ordenador o dispositivo y no proporcionan referencias que permitan conocer sus datos personales., salvo permiso expreso de aqu\u00e9l.<\/p>\n<p>El usuario puede, en todo momento, aceptar o rechazar las cookies instaladas que no sean estrictamente necesarias para el correcto funcionamiento de la web y el acceso al Usuario a sus servicios, a trav\u00e9s del panel de ajuste de cookies proporcionado en nuestra web. Asimismo, podr\u00e1 configurar su navegador en todo momento sin que ello perjudique la posibilidad del Usuario de acceder a los contenidos. Sin embargo, le informamos de que el rechazo de las cookies puede disminuir el buen funcionamiento de la web.<\/p>\n<p>&nbsp;<\/p>\n<p>Utilizamos cookies (tambi\u00e9n de terceros) para recopilar informaci\u00f3n sobre el uso del sitio web por parte de los visitantes. Estas cookies nos ayudan a ofrecerle la mejor experiencia en l\u00ednea posible, a mejor continuamente nuestro sitio web. En particular, cedemos sus datos de usuario a Google Analytics de Google LLC., lo que puede resultar en la transferencia de datos a los EE. UU.<\/p>\n<p><a href=\"https:\/\/roinworld.com\/Politica-de-Cookies.pdf\" target=\"_blank\" rel=\"noopener\"><strong>Mas info<\/strong><\/a><\/p>\n","protected":false},"excerpt":{"rendered":"<p>La web de ROIN WORLD SL. utiliza cookies propias y de terceros. Una cookie es un fichero que se descarga [&hellip;]<\/p>\n","protected":false},"author":1,"featured_media":0,"parent":0,"menu_order":0,"comment_status":"closed","ping_status":"closed","template":"","meta":{"footnotes":""},"class_list":["post-66467","page","type-page","status-publish","hentry"],"_links":{"self":[{"href":"https:\/\/roinworld.com\/es\/wp-json\/wp\/v2\/pages\/66467","targetHints":{"allow":["GET"]}}],"collection":[{"href":"https:\/\/roinworld.com\/es\/wp-json\/wp\/v2\/pages"}],"about":[{"href":"https:\/\/roinworld.com\/es\/wp-json\/wp\/v2\/types\/page"}],"author":[{"embeddable":true,"href":"https:\/\/roinworld.com\/es\/wp-json\/wp\/v2\/users\/1"}],"replies":[{"embeddable":true,"href":"https:\/\/roinworld.com\/es\/wp-json\/wp\/v2\/comments?post=66467"}],"version-history":[{"count":1,"href":"https:\/\/roinworld.com\/es\/wp-json\/wp\/v2\/pages\/66467\/revisions"}],"predecessor-version":[{"id":66468,"href":"https:\/\/roinworld.com\/es\/wp-json\/wp\/v2\/pages\/66467\/revisions\/66468"}],"wp:attachment":[{"href":"https:\/\/roinworld.com\/es\/wp-json\/wp\/v2\/media?parent=66467"}],"curies":[{"name":"wp","href":"https:\/\/api.w.org\/{rel}","templated":true}]}}