{"id":66343,"date":"2020-01-16T18:08:37","date_gmt":"2020-01-16T15:08:37","guid":{"rendered":"http:\/\/roinworld.com\/?page_id=66343"},"modified":"2020-01-24T15:13:47","modified_gmt":"2020-01-24T12:13:47","slug":"politica-de-calidad","status":"publish","type":"page","link":"https:\/\/roinworld.com\/es\/politica-de-calidad\/","title":{"rendered":"Politica de Calidad"},"content":{"rendered":"<p>[vc_row][vc_column width=\u00bb1\/1&#8243;][vc_column_text]<\/p>\n<h1>Politica de Calidad<\/h1>\n<p>[\/vc_column_text][vc_column_text]<\/p>\n<h2><span style=\"color: #808080;\">DECLARACI\u00d3N DE LA POL\u00cdTICA GENERAL DE CALIDAD<\/span><\/h2>\n<p>[\/vc_column_text][vc_column_text]Roin World Sl. adopta un Sistema de Gesti\u00f3n de la calidad \u00a0en el trabajo y la protecci\u00f3n ambiental como medio para garantizar sus resultados de manera sostenida, con un enfoque de SOSTENIBILIDAD y MEJORA CONTINUA en todos sus procesos.<\/p>\n<p>El alcance de nuestra entidad es:<\/p>\n<p>GESTI\u00d3N DE CALIDAD EN RELACI\u00d3N CON LAS OBRAS DE CONSTRUCCI\u00d3N, RECONSTRUCCI\u00d3N Y REPARACIONES MAYORES DE OBJETOS DE CONSTRUCCI\u00d3N, INCLUIDAS LAS OBRAS DE CONSTRUCCI\u00d3N Y LOS OBJETOS DE ENERG\u00cdA AT\u00d3MICA ESPECIALMENTE PELIGROSOS, T\u00c9CNICAMENTE COMPLEJOS Y \u00daNICOS.<\/p>\n<p>Este enfoque se lleva a cabo desde los valores fundamentales de\u00a0 protecci\u00f3n de la seguridad y la salud, respeto por las personas, trabajo en equipo, respeto al medio ambiente, fundamento t\u00e9cnico de la ejecuci\u00f3n de las obras y utilizaci\u00f3n de las mejores t\u00e9cnicas preventivas disponibles, y se concreta en los siguientes:<\/p>\n<p><strong>Valores<\/strong><\/p>\n<ol>\n<li>Liderazgo de la Direcci\u00f3n y de toda la organizaci\u00f3n con la gesti\u00f3n de la calidad, la seguridad y salud en el trabajo y el medio ambiente como v\u00eda, no s\u00f3lo para satisfacer las expectativas de sus clientes, sino para mejorar de forma permanente su nivel de satisfacci\u00f3n.<\/li>\n<li>Mejora continua de la cultura de la organizaci\u00f3n que potencie el comportamiento de los empleados y colaboradores en el cumplimiento de los compromisos de calidad, respeto al medio ambiente y prevenci\u00f3n de las enfermedades, de los da\u00f1os sobre las personas y de la contaminaci\u00f3n, fomentando la b\u00fasqueda de soluciones innovadoras y el intercambio de conocimientos.<\/li>\n<li>Visi\u00f3n para promover la cultura de la calidad, la seguridad y salud en el trabajo y la protecci\u00f3n del medio ambiente en toda la organizaci\u00f3n, en los proveedores y, en general, en los entornos en los que desarrolla sus actividades.<\/li>\n<li>Consideraci\u00f3n de los aspectos ambientales y los criterios de sostenibilidad en todas las actividades del Negocio, con objeto de minimizar el impacto que \u00e9stas puedan provocar sobre el medio y promoviendo en todo momento el uso racional de los recursos.<\/li>\n<li>Sensibilizaci\u00f3n y protecci\u00f3n del medio ambiente mediante la participaci\u00f3n de sus empleados y grupos de inter\u00e9s, desarrollando iniciativas de concienciaci\u00f3n, formaci\u00f3n y sensibilizaci\u00f3n.<\/li>\n<li>Gesti\u00f3n orientada hacia la gesti\u00f3n de riesgos para evitar situaciones con da\u00f1o para la salud o seguridad de las personas, incidentes o correcciones posteriores con el objetivo de \u00abcero accidentes\u00bb.<\/li>\n<li>Cumplimiento de los requisitos legales y otros que la organizaci\u00f3n suscriba en relaci\u00f3n con los riesgos sobre el medio ambiente y sobre la seguridad y salud en el trabajo, incluyendo aspectos relevantes como la seguridad vial o la gesti\u00f3n del estr\u00e9s laboral.<\/li>\n<li>Aplicaci\u00f3n y actualizaci\u00f3n del Sistema de Gesti\u00f3n, integrando los aspectos econ\u00f3micos, t\u00e9cnicos, ambientales, de seguridad y salud en el trabajo y, en general, todos los que contribuyen a la calidad y la sostenibilidad y a la creaci\u00f3n de entornos de trabajo saludables.<\/li>\n<li>Promoci\u00f3n de la comunicaci\u00f3n interna y externa, as\u00ed como de la participaci\u00f3n activa de los empleados como v\u00eda para para hacerles part\u00edcipes de los distintos aspectos del Sistema de Gesti\u00f3n.<\/li>\n<li>Integraci\u00f3n de los valores de la calidad, la seguridad y salud en el trabajo y la gesti\u00f3n ambiental en la estrategia del Negocio y en el desarrollo de su actividad a trav\u00e9s de la gesti\u00f3n por procesos y el establecimiento de objetivos adecuados.<\/li>\n<\/ol>\n<p>La presente Pol\u00edtica aplica a todas las actividades y centros de la empresa. Esta declaraci\u00f3n se difundir\u00e1 a todos los miembros de la organizaci\u00f3n, de manera que sea comprendida y tenida en cuenta en las actividades diarias, y asimismo estar\u00e1 disponible para las empresas y partes interesadas.<\/p>\n<p style=\"text-align: right;\">Firmado Direcci\u00f3n<\/p>\n<p>[\/vc_column_text][\/vc_column][\/vc_row]<\/p>\n","protected":false},"excerpt":{"rendered":"<p>[vc_row][vc_column width=\u00bb1\/1&#8243;][vc_column_text] Politica de Calidad [\/vc_column_text][vc_column_text] DECLARACI\u00d3N DE LA POL\u00cdTICA GENERAL DE CALIDAD [\/vc_column_text][vc_column_text]Roin World Sl. adopta un Sistema de [&hellip;]<\/p>\n","protected":false},"author":1,"featured_media":0,"parent":0,"menu_order":0,"comment_status":"closed","ping_status":"closed","template":"","meta":{"footnotes":""},"class_list":["post-66343","page","type-page","status-publish","hentry"],"_links":{"self":[{"href":"https:\/\/roinworld.com\/es\/wp-json\/wp\/v2\/pages\/66343","targetHints":{"allow":["GET"]}}],"collection":[{"href":"https:\/\/roinworld.com\/es\/wp-json\/wp\/v2\/pages"}],"about":[{"href":"https:\/\/roinworld.com\/es\/wp-json\/wp\/v2\/types\/page"}],"author":[{"embeddable":true,"href":"https:\/\/roinworld.com\/es\/wp-json\/wp\/v2\/users\/1"}],"replies":[{"embeddable":true,"href":"https:\/\/roinworld.com\/es\/wp-json\/wp\/v2\/comments?post=66343"}],"version-history":[{"count":6,"href":"https:\/\/roinworld.com\/es\/wp-json\/wp\/v2\/pages\/66343\/revisions"}],"predecessor-version":[{"id":66357,"href":"https:\/\/roinworld.com\/es\/wp-json\/wp\/v2\/pages\/66343\/revisions\/66357"}],"wp:attachment":[{"href":"https:\/\/roinworld.com\/es\/wp-json\/wp\/v2\/media?parent=66343"}],"curies":[{"name":"wp","href":"https:\/\/api.w.org\/{rel}","templated":true}]}}