{"id":65806,"date":"2017-11-26T14:59:25","date_gmt":"2017-11-26T11:59:25","guid":{"rendered":"http:\/\/roinworld.com\/proekti\/"},"modified":"2021-12-21T22:26:49","modified_gmt":"2021-12-21T19:26:49","slug":"proyectos","status":"publish","type":"page","link":"https:\/\/roinworld.com\/es\/proyectos\/","title":{"rendered":"Proyectos"},"content":{"rendered":"<h3>REALIZADOS<\/h3>\n<p>Nuestros ingenieros y t\u00e9cnicos han participado en la construcci\u00f3n de la planta nuclear Novo Voronezh.<\/p>\n<h3>ACTUALES<\/h3>\n<p>La construcci\u00f3n del SMB1 y Centro de formaci\u00f3n de la central nuclear \u00ab\u0420uppur\u00bb, est\u00e1n en construcci\u00f3n.<\/p>\n<h3>PROGRAMADOS<\/h3>\n<p>Construcci\u00f3n de centrales nucleares en pa\u00edses europeos tales como Hungr\u00eda, Finlandia, Turqu\u00eda.<\/p>\n","protected":false},"excerpt":{"rendered":"<p>REALIZADOS Nuestros ingenieros y t\u00e9cnicos han participado en la construcci\u00f3n de la planta nuclear Novo Voronezh. ACTUALES La construcci\u00f3n del [&hellip;]<\/p>\n","protected":false},"author":1,"featured_media":0,"parent":0,"menu_order":0,"comment_status":"closed","ping_status":"open","template":"","meta":{"footnotes":""},"class_list":["post-65806","page","type-page","status-publish","hentry"],"_links":{"self":[{"href":"https:\/\/roinworld.com\/es\/wp-json\/wp\/v2\/pages\/65806","targetHints":{"allow":["GET"]}}],"collection":[{"href":"https:\/\/roinworld.com\/es\/wp-json\/wp\/v2\/pages"}],"about":[{"href":"https:\/\/roinworld.com\/es\/wp-json\/wp\/v2\/types\/page"}],"author":[{"embeddable":true,"href":"https:\/\/roinworld.com\/es\/wp-json\/wp\/v2\/users\/1"}],"replies":[{"embeddable":true,"href":"https:\/\/roinworld.com\/es\/wp-json\/wp\/v2\/comments?post=65806"}],"version-history":[{"count":2,"href":"https:\/\/roinworld.com\/es\/wp-json\/wp\/v2\/pages\/65806\/revisions"}],"predecessor-version":[{"id":65808,"href":"https:\/\/roinworld.com\/es\/wp-json\/wp\/v2\/pages\/65806\/revisions\/65808"}],"wp:attachment":[{"href":"https:\/\/roinworld.com\/es\/wp-json\/wp\/v2\/media?parent=65806"}],"curies":[{"name":"wp","href":"https:\/\/api.w.org\/{rel}","templated":true}]}}