{"id":65800,"date":"2017-10-24T02:09:55","date_gmt":"2017-10-23T23:09:55","guid":{"rendered":"http:\/\/roinworld.com\/o-kompanii\/"},"modified":"2023-12-28T13:50:33","modified_gmt":"2023-12-28T10:50:33","slug":"o-kompanii","status":"publish","type":"page","link":"https:\/\/roinworld.com\/es\/o-kompanii\/","title":{"rendered":"Sobre la Empresa"},"content":{"rendered":"<p>[vc_row][vc_column width=\u00bb1\/1&#8243;][vc_column_text]Roin World S.L. es una empresa espa\u00f1ola internacional de la construcci\u00f3n, que proporciona una gama completa de servicios de construcci\u00f3n de centrales nucleares. Roin World S. L. fue fundada en el a\u00f1o 2007 por un equipo de profesionales cualificados en la construcci\u00f3n de instalaciones nucleares, viviendas de lujo, log\u00edstica y servicios de transporte internacional. Los ejecutivos de la Empresa son profesionales de la gesti\u00f3n de proyectos de construcci\u00f3n de reactores nucleares VVER -1200. La Empresa toma una parte activa en la construcci\u00f3n de plantas nucleares en diferentes pa\u00edses: Ruppur (Rep\u00fablica Popular de Bangladesh), Akkuyu (Turqu\u00eda).<br \/>\nLa Empresa hace el mejor uso de la enorme experiencia de obras de instalaci\u00f3n y construcci\u00f3n aplicando los m\u00e1s avanzados m\u00e9todos industriales de construcci\u00f3n, creando soluciones t\u00e9cnicas y \u00fanicas que influyen de manera positiva en el ritmo y la calidad de las obras.<\/p>\n<h2>MISI\u00d3N:<\/h2>\n<p>Fortalecimiento de la posici\u00f3n de liderazgo de la empresa en el mercado de la construcci\u00f3n industrial, mediante implementaci\u00f3n de objetivos de alta calidad, m\u00ednimo plazo y \u00f3ptimo precio.<\/p>\n<p><strong>VENTAJAS COMPETITIVAS:<\/strong><\/p>\n<ul>\n<li>Los principios m\u00e1s importantes\u2014 es funcionamiento en condiciones de transparencia, colaboraci\u00f3n, integridad y responsabilidad.<\/li>\n<li>Cumplimiento de objetivos, con los a\u00f1os desarrollando proyectos con \u00e9xito, hemos acumulado una vasta experiencia que nos permite ofrecer las mejores soluciones para nuestros Clientes.<\/li>\n<li>Cooperaci\u00f3n beneficiosa y a largo plazo, con las empresas que son nuestros Clientes &#8211; l\u00edderes en construcci\u00f3n de plantas nucleares en el mundo.<\/li>\n<li>Desarrollo profesional y ascenso, nuestra empresa crece r\u00e1pidamente cada d\u00eda, nuestro equipo de profesionales crece junto a la empresa.<\/li>\n<li>Proyectos internacionales, la empresa participa activamente en la construcci\u00f3n de las centrales nucleares en diferentes pa\u00edses: Ruppur (Rep\u00fablica Popular de Bangladesh), \u0410kkuyu (Rep\u00fablica de Turqu\u00eda).<\/li>\n<\/ul>\n<h2>HISTORIA:<\/h2>\n<p>20 UMA &#8211; Sala de turbina nuclear, instalaci\u00f3n de armaz\u00f3n de acero estructural, paneles-s\u00e1ndwich, techos, protecci\u00f3n contra incendios<br \/>\n00 UGW &#8211; aguas residuales de la planta de tratamiento de aguas residuales, zona de acceso controlado<br \/>\n01 UGW &#8211; aguas residuales de la estaci\u00f3n de bombeo, zona de acceso controlado<br \/>\n01 UNY &#8211; Implementaci\u00f3n de servicios de caldera para calefacci\u00f3n central de las instalaciones<br \/>\n00 UZA &#8211; Utilidades en el lugar<br \/>\nUZA &#8211; Carretera temporal para la gr\u00faa Demag<br \/>\n00 UEK &#8211; Almac\u00e9n para aceites y combustible diesel<br \/>\n01 UBH &#8211; potencia de emergencia de drenaje y de transformadores de aceite<br \/>\n05 UGH &#8211; Bloque filtrante<br \/>\n06 UGH &#8211; Alineaci\u00f3n radiogr\u00e1fica<br \/>\n00 UGH &#8211; Planta de tratamiento de agua de lluvia en la composici\u00f3n 01[\/vc_column_text][\/vc_column][\/vc_row]<\/p>\n","protected":false},"excerpt":{"rendered":"<p>[vc_row][vc_column width=\u00bb1\/1&#8243;][vc_column_text]Roin World S.L. es una empresa espa\u00f1ola internacional de la construcci\u00f3n, que proporciona una gama completa de servicios de [&hellip;]<\/p>\n","protected":false},"author":1,"featured_media":0,"parent":0,"menu_order":0,"comment_status":"closed","ping_status":"open","template":"","meta":{"footnotes":""},"class_list":["post-65800","page","type-page","status-publish","hentry"],"_links":{"self":[{"href":"https:\/\/roinworld.com\/es\/wp-json\/wp\/v2\/pages\/65800","targetHints":{"allow":["GET"]}}],"collection":[{"href":"https:\/\/roinworld.com\/es\/wp-json\/wp\/v2\/pages"}],"about":[{"href":"https:\/\/roinworld.com\/es\/wp-json\/wp\/v2\/types\/page"}],"author":[{"embeddable":true,"href":"https:\/\/roinworld.com\/es\/wp-json\/wp\/v2\/users\/1"}],"replies":[{"embeddable":true,"href":"https:\/\/roinworld.com\/es\/wp-json\/wp\/v2\/comments?post=65800"}],"version-history":[{"count":2,"href":"https:\/\/roinworld.com\/es\/wp-json\/wp\/v2\/pages\/65800\/revisions"}],"predecessor-version":[{"id":66763,"href":"https:\/\/roinworld.com\/es\/wp-json\/wp\/v2\/pages\/65800\/revisions\/66763"}],"wp:attachment":[{"href":"https:\/\/roinworld.com\/es\/wp-json\/wp\/v2\/media?parent=65800"}],"curies":[{"name":"wp","href":"https:\/\/api.w.org\/{rel}","templated":true}]}}