{"id":65793,"date":"2017-11-26T16:06:10","date_gmt":"2017-11-26T13:06:10","guid":{"rendered":"http:\/\/roinworld.com\/komanda\/"},"modified":"2018-02-19T01:26:48","modified_gmt":"2018-02-18T22:26:48","slug":"komanda","status":"publish","type":"page","link":"https:\/\/roinworld.com\/es\/komanda\/","title":{"rendered":"Nuestro equipo"},"content":{"rendered":"<p>[vc_row][vc_column][vc_column_text]<\/p>\n<h3>FORME PARTE DEL EQUIPO ROIN WORLD<\/h3>\n<p>Debido a que nuestra empresa crece r\u00e1pidamente, actualmente estamos seleccionando nuevo personal. Buscamos profesionales motivados, listos para convertirse en parte de una empresa de construcci\u00f3n en la industria de la energ\u00eda.[\/vc_column_text][vc_column_text]<strong>Actualmente tenemos disponibles las siguientes ofertas de empleo:<\/strong><\/p>\n<ul>\n<li>Asistente de int\u00e9rprete, ruso-ingl\u00e9s (Sucursal en Bangladesh)<\/li>\n<li>Jefe de Secci\u00f3n (Sucursal en Bangladesh)<\/li>\n<li>Capataz de construcci\u00f3n (Sucursal en Bangladesh)<\/li>\n<li>Ingeniero-jefe del departamento t\u00e9cnico y producci\u00f3n (PTD, Sucursal en Bangladesh)<\/li>\n<li>Contable de documentaci\u00f3n principal (Sucursal en Bangladesh)<\/li>\n<li>Ingeniero el\u00e9ctrico de instrumentaci\u00f3n de control y prueba (Sucursal en Bangladesh)<\/li>\n<li>Gerente de Servicios de Limpieza (Sucursal en Bangladesh)<\/li>\n<\/ul>\n<p>[\/vc_column_text][vc_button button_color=\u00bbaccent\u00bb size=\u00bbbtn-lg\u00bb border_width=\u00bb0&#8243; link=\u00bburl:https%3A%2F%2Fhh.ru%2Femployer%2F3018977||target:%20_blank|rel:nofollow\u00bb]Buscar empleo en HH.RU[\/vc_button][vc_column_text]Si ud. est\u00e1 interesado en una de nuestras ofertas de trabajo, cont\u00e1ctenos enviando su CV al correo electr\u00f3nico: <a href=\"mailto:info@roinworld.com\">info@roinworld.com<\/a>. No olvide indicar el nombre de la vacante en el asunto.[\/vc_column_text][\/vc_column][\/vc_row]<\/p>\n","protected":false},"excerpt":{"rendered":"<p>[vc_row][vc_column][vc_column_text] FORME PARTE DEL EQUIPO ROIN WORLD Debido a que nuestra empresa crece r\u00e1pidamente, actualmente estamos seleccionando nuevo personal. Buscamos [&hellip;]<\/p>\n","protected":false},"author":1,"featured_media":0,"parent":0,"menu_order":0,"comment_status":"closed","ping_status":"open","template":"","meta":{"footnotes":""},"class_list":["post-65793","page","type-page","status-publish","hentry"],"_links":{"self":[{"href":"https:\/\/roinworld.com\/es\/wp-json\/wp\/v2\/pages\/65793","targetHints":{"allow":["GET"]}}],"collection":[{"href":"https:\/\/roinworld.com\/es\/wp-json\/wp\/v2\/pages"}],"about":[{"href":"https:\/\/roinworld.com\/es\/wp-json\/wp\/v2\/types\/page"}],"author":[{"embeddable":true,"href":"https:\/\/roinworld.com\/es\/wp-json\/wp\/v2\/users\/1"}],"replies":[{"embeddable":true,"href":"https:\/\/roinworld.com\/es\/wp-json\/wp\/v2\/comments?post=65793"}],"version-history":[{"count":3,"href":"https:\/\/roinworld.com\/es\/wp-json\/wp\/v2\/pages\/65793\/revisions"}],"predecessor-version":[{"id":65857,"href":"https:\/\/roinworld.com\/es\/wp-json\/wp\/v2\/pages\/65793\/revisions\/65857"}],"wp:attachment":[{"href":"https:\/\/roinworld.com\/es\/wp-json\/wp\/v2\/media?parent=65793"}],"curies":[{"name":"wp","href":"https:\/\/api.w.org\/{rel}","templated":true}]}}