{"id":65733,"date":"2015-05-28T11:30:14","date_gmt":"2015-05-28T08:30:14","guid":{"rendered":"http:\/\/roinworld.com\/glavnaya\/"},"modified":"2025-07-14T10:57:09","modified_gmt":"2025-07-14T07:57:09","slug":"glavnaya-2","status":"publish","type":"page","link":"https:\/\/roinworld.com\/es\/","title":{"rendered":"Inicio"},"content":{"rendered":"<p>[vc_row row_height_percent=\u00bb35&#8243; override_padding=\u00bbyes\u00bb h_padding=\u00bb1&#8243; top_padding=\u00bb4&#8243; bottom_padding=\u00bb4&#8243; back_color=\u00bbcolor-xsdn\u00bb overlay_alpha=\u00bb50&#8243; equal_height=\u00bbyes\u00bb gutter_size=\u00bb2&#8243; column_width_percent=\u00bb100&#8243; border_color=\u00bbcolor-gyho\u00bb border_style=\u00bbsolid\u00bb shift_y=\u00bb0&#8243; z_index=\u00bb0&#8243; css=\u00bb.vc_custom_1510664657651{border-bottom-width: 1px !important;}\u00bb][vc_column column_width_percent=\u00bb100&#8243; align_horizontal=\u00bbalign_center\u00bb gutter_size=\u00bb2&#8243; overlay_alpha=\u00bb50&#8243; shift_x=\u00bb0&#8243; shift_y=\u00bb0&#8243; shift_y_down=\u00bb0&#8243; z_index=\u00bb0&#8243; medium_width=\u00bb7&#8243; mobile_width=\u00bb0&#8243; zoom_width=\u00bb0&#8243; zoom_height=\u00bb0&#8243; width=\u00bb1\/3&#8243; el_class=\u00bbh-block-1&#8243;][vc_icon icon_image=\u00bb65473&#8243; text_weight=\u00bb600&#8243; title=\u00bb10 a\u00f1os en el mercado\u00bb]La empresa fue fundada en 2007 por un equipo de profesionales altamente cualificados en el \u00e1mbito de la construcci\u00f3n de instalaciones nucleares[\/vc_icon][\/vc_column][vc_column column_width_percent=\u00bb100&#8243; align_horizontal=\u00bbalign_center\u00bb gutter_size=\u00bb2&#8243; overlay_alpha=\u00bb50&#8243; shift_x=\u00bb0&#8243; shift_y=\u00bb0&#8243; shift_y_down=\u00bb0&#8243; z_index=\u00bb0&#8243; medium_width=\u00bb7&#8243; mobile_width=\u00bb0&#8243; zoom_width=\u00bb0&#8243; zoom_height=\u00bb0&#8243; width=\u00bb1\/3&#8243; el_class=\u00bbh-block-2&#8243;][vc_icon icon_image=\u00bb65475&#8243; text_weight=\u00bb600&#8243; title=\u00bb500 personas\u00bb]La empresa re\u00fane en su composici\u00f3n especialistas t\u00e9cnicos y de ingenier\u00eda y empleados de la construcci\u00f3n altamente calificados y de diferentes especialidades, m\u00e1s de 500 personas.[\/vc_icon][\/vc_column][vc_column column_width_percent=\u00bb100&#8243; align_horizontal=\u00bbalign_center\u00bb gutter_size=\u00bb2&#8243; overlay_alpha=\u00bb50&#8243; shift_x=\u00bb0&#8243; shift_y=\u00bb0&#8243; shift_y_down=\u00bb0&#8243; z_index=\u00bb0&#8243; medium_width=\u00bb7&#8243; mobile_width=\u00bb0&#8243; zoom_width=\u00bb0&#8243; zoom_height=\u00bb0&#8243; width=\u00bb1\/3&#8243; el_class=\u00bbh-block-3&#8243;][vc_icon icon_image=\u00bb65474&#8243; text_weight=\u00bb600&#8243; title=\u00bb3 pa\u00edses\u00bb]Ruppur (People&#8217;s Republic of Bangladesh), Akkuyu (Turkey).<br \/>\n<strong>Espa\u00f1a, Turqu\u00eda, Rep\u00fablica Popular de Bangladesh.<\/strong>[\/vc_icon][\/vc_column][\/vc_row][vc_row row_height_percent=\u00bb50&#8243; override_padding=\u00bbyes\u00bb h_padding=\u00bb2&#8243; top_padding=\u00bb3&#8243; bottom_padding=\u00bb3&#8243; back_color=\u00bbcolor-xsdn\u00bb back_image=\u00bb65502&#8243; overlay_color=\u00bbcolor-xsdn\u00bb overlay_alpha=\u00bb75&#8243; gutter_size=\u00bb4&#8243; column_width_percent=\u00bb100&#8243; shift_y=\u00bb0&#8243; z_index=\u00bb0&#8243;][vc_column column_width_percent=\u00bb100&#8243; align_horizontal=\u00bbalign_center\u00bb gutter_size=\u00bb2&#8243; overlay_alpha=\u00bb50&#8243; shift_x=\u00bb0&#8243; shift_y=\u00bb0&#8243; shift_y_down=\u00bb0&#8243; z_index=\u00bb0&#8243; medium_width=\u00bb7&#8243; mobile_width=\u00bb0&#8243; zoom_width=\u00bb0&#8243; zoom_height=\u00bb0&#8243; width=\u00bb1\/1&#8243;][vc_custom_heading text_size=\u00bbfontsize-155944&#8243; text_weight=\u00bb400&#8243; text_color=\u00bbcolor-prif\u00bb]VENTAJAS COMPETITIVAS[\/vc_custom_heading][vc_empty_space empty_h=\u00bb2&#8243;][vc_row_inner limit_content=\u00bb\u00bb][vc_column_inner width=\u00bb1\/2&#8243;][vc_icon position=\u00bbleft\u00bb icon_image=\u00bb65499&#8243; heading_semantic=\u00bbh5&#8243; text_font=\u00bbfont-377884&#8243; text_size=\u00bbh5&#8243; text_weight=\u00bb400&#8243; css_animation=\u00bbleft-t-right\u00bb animation_delay=\u00bb100&#8243; title=\u00bbLos principios de nuestra empresa\u00bb]\u2014 funcionamiento en condiciones de transparencia, colaboraci\u00f3n, integridad y responsabilidad.[\/vc_icon][vc_icon position=\u00bbleft\u00bb icon_image=\u00bb65496&#8243; heading_semantic=\u00bbh5&#8243; text_font=\u00bbfont-377884&#8243; text_size=\u00bbh5&#8243; text_weight=\u00bb400&#8243; css_animation=\u00bbleft-t-right\u00bb animation_delay=\u00bb200&#8243; title=\u00bbCumplimiento de objetivos\u00bb]Con a\u00f1os desarrollando proyectos con \u00e9xito, hemos acumulado una vasta experiencia que nos permite ofrecer las mejores soluciones para nuestros Clientes.[\/vc_icon][vc_icon position=\u00bbleft\u00bb icon_image=\u00bb65494&#8243; heading_semantic=\u00bbh5&#8243; text_font=\u00bbfont-377884&#8243; text_size=\u00bbh5&#8243; text_weight=\u00bb400&#8243; css_animation=\u00bbleft-t-right\u00bb animation_delay=\u00bb300&#8243; title=\u00bbCooperaci\u00f3n beneficiosa y a largo plazo\u00bb]con las empresas que son nuestros Clientes &#8211; l\u00edderes en la construcci\u00f3n de plantas nucleares en el mundo.[\/vc_icon][\/vc_column_inner][vc_column_inner width=\u00bb1\/2&#8243;][vc_icon position=\u00bbleft\u00bb icon_image=\u00bb65497&#8243; heading_semantic=\u00bbh5&#8243; text_font=\u00bbfont-377884&#8243; text_size=\u00bbh5&#8243; text_weight=\u00bb400&#8243; css_animation=\u00bbleft-t-right\u00bb animation_delay=\u00bb400&#8243; title=\u00bbDesarrollo profesional y de carrera\u00bb]nuestra empresa crece r\u00e1pidamente cada d\u00eda, y nuestro equipo de profesionales crece junto con ella.[\/vc_icon][vc_icon position=\u00bbleft\u00bb icon_image=\u00bb65495&#8243; heading_semantic=\u00bbh5&#8243; text_font=\u00bbfont-377884&#8243; text_size=\u00bbh5&#8243; text_weight=\u00bb400&#8243; css_animation=\u00bbleft-t-right\u00bb animation_delay=\u00bb500&#8243; title=\u00bbProyectos internacionales\u00bb]la empresa participa activamente en la construcci\u00f3n de centrales nucleares en diferentes pa\u00edses: Ruppur (Rep\u00fablica Popular de Bangladesh), \u0410kkuyu (Rep\u00fablica de Turqu\u00eda).[\/vc_icon][\/vc_column_inner][\/vc_row_inner][\/vc_column][\/vc_row][vc_row row_height_percent=\u00bb0&#8243; override_padding=\u00bbyes\u00bb h_padding=\u00bb2&#8243; top_padding=\u00bb3&#8243; bottom_padding=\u00bb3&#8243; back_color=\u00bbaccent\u00bb overlay_alpha=\u00bb50&#8243; gutter_size=\u00bb3&#8243; column_width_percent=\u00bb100&#8243; shift_y=\u00bb0&#8243; z_index=\u00bb0&#8243;][vc_column column_width_percent=\u00bb100&#8243; align_horizontal=\u00bbalign_center\u00bb gutter_size=\u00bb3&#8243; style=\u00bbdark\u00bb overlay_alpha=\u00bb50&#8243; shift_x=\u00bb0&#8243; shift_y=\u00bb0&#8243; shift_y_down=\u00bb0&#8243; z_index=\u00bb0&#8243; medium_width=\u00bb0&#8243; mobile_width=\u00bb0&#8243; width=\u00bb1\/1&#8243;][vc_custom_heading text_size=\u00bbfontsize-155944&#8243; text_weight=\u00bb400&#8243; text_color=\u00bbcolor-xsdn\u00bb]\u00abMISI\u00d3N\u00bb[\/vc_custom_heading][vc_column_text]Fortalecimiento de la posici\u00f3n de liderazgo de la empresa en el mercado de la construcci\u00f3n industrial, mediante la implementaci\u00f3n de objetivos de alta calidad, m\u00ednimo plazo y \u00f3ptimo precio.[\/vc_column_text][\/vc_column][\/vc_row][vc_row row_height_percent=\u00bb0&#8243; override_padding=\u00bbyes\u00bb h_padding=\u00bb2&#8243; top_padding=\u00bb3&#8243; bottom_padding=\u00bb3&#8243; back_color=\u00bbcolor-lxmt\u00bb back_image=\u00bb65449&#8243; overlay_color=\u00bbcolor-xsdn\u00bb overlay_alpha=\u00bb75&#8243; gutter_size=\u00bb3&#8243; column_width_percent=\u00bb100&#8243; shift_y=\u00bb0&#8243; z_index=\u00bb0&#8243;][vc_column column_width_percent=\u00bb100&#8243; align_horizontal=\u00bbalign_center\u00bb gutter_size=\u00bb3&#8243; overlay_alpha=\u00bb50&#8243; shift_x=\u00bb0&#8243; shift_y=\u00bb0&#8243; shift_y_down=\u00bb0&#8243; z_index=\u00bb0&#8243; medium_width=\u00bb0&#8243; mobile_width=\u00bb0&#8243; width=\u00bb1\/1&#8243;][vc_custom_heading text_size=\u00bbfontsize-155944&#8243; text_weight=\u00bb400&#8243; text_color=\u00bbcolor-prif\u00bb]VALORES[\/vc_custom_heading][vc_empty_space empty_h=\u00bb2&#8243;][vc_row_inner limit_content=\u00bb\u00bb][vc_column_inner width=\u00bb1\/3&#8243;][vc_column_text css_animation=\u00bbalpha-anim\u00bb animation_delay=\u00bb400&#8243;]<\/p>\n<h3>EFICACIA<\/h3>\n<p>La actividad de nuestra Empresa se basa en el principio de eficacia en todo lo que realizamos.[\/vc_column_text][\/vc_column_inner][vc_column_inner width=\u00bb1\/3&#8243;][vc_column_text css_animation=\u00bbalpha-anim\u00bb animation_delay=\u00bb600&#8243;]<\/p>\n<h3>CALIDAD<\/h3>\n<p>La mejor calidad de trabajo y servicio es fundamental para todos los empleados de nuestra Empresa. Esto nos ayuda a alcanzar una posici\u00f3n de liderazgo en el mercado.[\/vc_column_text][\/vc_column_inner][vc_column_inner width=\u00bb1\/3&#8243;][vc_column_text css_animation=\u00bbalpha-anim\u00bb animation_delay=\u00bb800&#8243;]<\/p>\n<h3>FIABILIDAD Y TRANSPARENCIA<\/h3>\n<p>\u00abNuestra relaci\u00f3n con los empleados, socios y clientes est\u00e1 basada en la fiabilidad y transparencia. Siempre cumplimos con nuestras obligaciones plena y puntualmente.\u00bb[\/vc_column_text][\/vc_column_inner][\/vc_row_inner][\/vc_column][\/vc_row][vc_row row_height_percent=\u00bb0&#8243; back_color=\u00bbcolor-gyho\u00bb overlay_alpha=\u00bb50&#8243; gutter_size=\u00bb3&#8243; column_width_percent=\u00bb100&#8243; shift_y=\u00bb0&#8243; z_index=\u00bb0&#8243;][vc_column column_width_percent=\u00bb100&#8243; align_horizontal=\u00bbalign_center\u00bb gutter_size=\u00bb3&#8243; overlay_alpha=\u00bb50&#8243; shift_x=\u00bb0&#8243; shift_y=\u00bb0&#8243; shift_y_down=\u00bb0&#8243; z_index=\u00bb0&#8243; medium_width=\u00bb0&#8243; mobile_width=\u00bb0&#8243; width=\u00bb1\/1&#8243;][vc_custom_heading text_size=\u00bbfontsize-155944&#8243; text_weight=\u00bb400&#8243; text_transform=\u00bbuppercase\u00bb text_color=\u00bbcolor-prif\u00bb]NOTICIAS[\/vc_custom_heading][vc_empty_space empty_h=\u00bb2&#8243;][uncode_index el_id=\u00bbindex-136134&#8243; index_type=\u00bbcarousel\u00bb loop=\u00bbsize:12|order_by:date|post_type:post\u00bb carousel_lg=\u00bb3&#8243; carousel_md=\u00bb3&#8243; carousel_sm=\u00bb1&#8243; thumb_size=\u00bbthree-two\u00bb gutter_size=\u00bb3&#8243; post_items=\u00bbmedia|featured|onpost|original,title,date,text|excerpt\u00bb carousel_interval=\u00bb3000&#8243; carousel_navspeed=\u00bb400&#8243; stage_padding=\u00bb0&#8243; single_overlay_opacity=\u00bb50&#8243; single_padding=\u00bb2&#8243; single_title_dimension=\u00bbh3&#8243;][\/vc_column][\/vc_row][vc_row row_height_percent=\u00bb0&#8243; override_padding=\u00bbyes\u00bb h_padding=\u00bb2&#8243; top_padding=\u00bb2&#8243; bottom_padding=\u00bb2&#8243; overlay_alpha=\u00bb50&#8243; gutter_size=\u00bb3&#8243; column_width_percent=\u00bb100&#8243; shift_y=\u00bb0&#8243; z_index=\u00bb0&#8243;][vc_column column_width_percent=\u00bb100&#8243; align_horizontal=\u00bbalign_center\u00bb gutter_size=\u00bb3&#8243; overlay_alpha=\u00bb50&#8243; shift_x=\u00bb0&#8243; shift_y=\u00bb0&#8243; shift_y_down=\u00bb0&#8243; z_index=\u00bb0&#8243; medium_width=\u00bb0&#8243; mobile_width=\u00bb0&#8243; width=\u00bb1\/1&#8243;][vc_custom_heading text_size=\u00bbfontsize-155944&#8243; text_weight=\u00bb400&#8243; text_transform=\u00bbuppercase\u00bb text_color=\u00bbcolor-prif\u00bb]CONF\u00cdAN EN NOSOTROS[\/vc_custom_heading][vc_gallery el_id=\u00bbgallery-126944&#8243; type=\u00bbcarousel\u00bb random=\u00bbyes\u00bb medias=\u00bb65640,65641,65642,65643,65644,65645,65646,65648,66247&#8243; carousel_lg=\u00bb4&#8243; carousel_md=\u00bb3&#8243; carousel_sm=\u00bb2&#8243; gutter_size=\u00bb3&#8243; media_items=\u00bbmedia|nolink|original\u00bb carousel_v_align=\u00bbmiddle\u00bb carousel_interval=\u00bb5000&#8243; carousel_navspeed=\u00bb400&#8243; carousel_loop=\u00bbyes\u00bb stage_padding=\u00bb0&#8243; single_style=\u00bbdark\u00bb single_overlay_opacity=\u00bb50&#8243; single_padding=\u00bb2&#8243; single_border=\u00bbyes\u00bb][\/vc_column][\/vc_row][vc_row row_height_percent=\u00bb0&#8243; back_color=\u00bbaccent\u00bb back_image=\u00bb65467&#8243; back_repeat=\u00bbno-repeat\u00bb overlay_color=\u00bbaccent\u00bb overlay_alpha=\u00bb85&#8243; gutter_size=\u00bb3&#8243; column_width_percent=\u00bb100&#8243; shift_y=\u00bb0&#8243; z_index=\u00bb0&#8243;][vc_column column_width_percent=\u00bb100&#8243; align_horizontal=\u00bbalign_center\u00bb gutter_size=\u00bb3&#8243; overlay_alpha=\u00bb50&#8243; shift_x=\u00bb0&#8243; shift_y=\u00bb0&#8243; shift_y_down=\u00bb0&#8243; z_index=\u00bb0&#8243; medium_width=\u00bb0&#8243; mobile_width=\u00bb0&#8243; width=\u00bb1\/1&#8243;][vc_custom_heading text_size=\u00bbfontsize-155944&#8243; text_weight=\u00bb400&#8243; text_transform=\u00bbuppercase\u00bb text_color=\u00bbcolor-xsdn\u00bb]FORME PARTE DEL EQUIPO ROIN WORLD[\/vc_custom_heading][vc_empty_space empty_h=\u00bb2&#8243;][vc_row_inner limit_content=\u00bb\u00bb][vc_column_inner width=\u00bb3\/4&#8243;][vc_column_text]<\/p>\n<p style=\"color: white;\">Debido a que nuestra empresa crece r\u00e1pidamente, actualmente estamos seleccionando nuevo personal. Buscamos profesionales motivados, listos para convertirse en parte de una empresa de construcci\u00f3n en la industria de la energ\u00eda.<\/p>\n<p style=\"color: white;\">Buscar empleo en Nuestro Equipo.<\/p>\n<p>[\/vc_column_text][vc_button button_color=\u00bbcolor-xsdn\u00bb size=\u00bbbtn-lg\u00bb radius=\u00bbbtn-round\u00bb hover_fx=\u00bboutlined\u00bb outline=\u00bbyes\u00bb shadow=\u00bbyes\u00bb custom_typo=\u00bbyes\u00bb font_family=\u00bbfont-156269&#8243; font_weight=\u00bb400&#8243; letter_spacing=\u00bbfontspace-210350&#8243; border_width=\u00bb0&#8243; link=\u00bburl:http%3A%2F%2Froinworld.com%2Fkomanda%2F|||\u00bb]Buscar empleo[\/vc_button][\/vc_column_inner][vc_column_inner width=\u00bb1\/4&#8243;][vc_single_image media=\u00bb65512&#8243; media_width_percent=\u00bb100&#8243; alignment=\u00bbcenter\u00bb][\/vc_column_inner][\/vc_row_inner][\/vc_column][\/vc_row][vc_row row_height_percent=\u00bb0&#8243; overlay_alpha=\u00bb50&#8243; gutter_size=\u00bb3&#8243; column_width_percent=\u00bb100&#8243; shift_y=\u00bb0&#8243; z_index=\u00bb0&#8243; desktop_visibility=\u00bbyes\u00bb medium_visibility=\u00bbyes\u00bb mobile_visibility=\u00bbyes\u00bb][vc_column column_width_percent=\u00bb100&#8243; align_horizontal=\u00bbalign_center\u00bb gutter_size=\u00bb3&#8243; overlay_alpha=\u00bb50&#8243; shift_x=\u00bb0&#8243; shift_y=\u00bb0&#8243; shift_y_down=\u00bb0&#8243; z_index=\u00bb0&#8243; medium_width=\u00bb0&#8243; mobile_width=\u00bb0&#8243; width=\u00bb1\/1&#8243;][vc_custom_heading text_font=\u00bbfont-377884&#8243; text_size=\u00bbfontsize-155944&#8243; text_weight=\u00bb400&#8243; text_transform=\u00bbuppercase\u00bb text_color=\u00bbcolor-prif\u00bb subheading=\u00bb<b>\u0421\u043f\u0438\u0441\u043e\u043a \u0440\u0430\u0431\u043e\u0442, \u0432\u044b\u043f\u043e\u043b\u043d\u0435\u043d\u043d\u044b\u0445 \u0443\u0447\u0440\u0435\u0434\u0438\u0442\u0435\u043b\u044f\u043c\u0438 \u043d\u0430\u0448\u0435\u0439 \u043a\u043e\u043c\u043f\u0430\u043d\u0438\u0438 \u043d\u0430 \u041d\u043e\u0432\u043e\u0432\u043e\u0440\u043e\u043d\u0435\u0436\u0441\u043a\u043e\u0439 \u0410\u042d\u0421 \u00ab\u0410\u042d\u0421 2\u00bb:<\/b>\u00ab]HISTORIA[\/vc_custom_heading][vc_row_inner row_inner_height_percent=\u00bb0&#8243; overlay_alpha=\u00bb80&#8243; gutter_size=\u00bb3&#8243; shift_y=\u00bb0&#8243; z_index=\u00bb0&#8243; limit_content=\u00bb\u00bb][vc_column_inner width=\u00bb1\/2&#8243;][vc_column_text]<\/p>\n<ul>\n<li>20 UMA &#8211; Sala de turbina nuclear, instalaci\u00f3n de armaz\u00f3n de acero estructural, paneles-s\u00e1ndwich, techos, protecci\u00f3n contra incendios<\/li>\n<li>00 UGW &#8211; aguas residuales de la planta de tratamiento de aguas residuales, zona de acceso controlado<\/li>\n<li>01 UGW &#8211; aguas residuales de la estaci\u00f3n de bombeo, zona de acceso controlado<\/li>\n<li>01 UNY \u2014 Implementaci\u00f3n de servicios de caldera para calefacci\u00f3n central de las instalaciones<\/li>\n<li>00 UZA \u2014 Utilidades en el lugar<\/li>\n<li>UZA &#8211; Carretera temporal para la gr\u00faa Demag<\/li>\n<li>00 UEK \u2014 Almac\u00e9n para aceites y combustible diesel<\/li>\n<li>01 UBH &#8211; potencia de emergencia de drenaje y de transformadores de aceite<\/li>\n<li>05 UGH &#8211; Bloque filtrante<\/li>\n<li>06 UGH -Alineaci\u00f3n radiogr\u00e1fica<\/li>\n<li>00 UGH &#8211; Planta de tratamiento de agua de lluvia en la composici\u00f3n 01<\/li>\n<\/ul>\n<p>[\/vc_column_text][\/vc_column_inner][vc_column_inner width=\u00bb1\/2&#8243;][vc_column_text]<\/p>\n<ul>\n<li>20 URS &#8211; Modular pumping station<\/li>\n<li>10, 20 UBH &#8211; The capacity of the emergency drain water and oil transformers<\/li>\n<li>20 UGB &#8211; Building for the stock of demineralized water tank and contaminated condensate tank volume of 1000m3<\/li>\n<li>10 UJA &#8211; Heating system<\/li>\n<li>10 UJA- Installation of thermal insulation (BSTI) to the first reactor coolant circuit<\/li>\n<li>01-02 UBZ &#8211; Cable tunnels in regular operation of the system<\/li>\n<li>09 &#8211; UGV \u2014 Grit dewatering bay<\/li>\n<li>03 USW &#8211; Facilities for off-site cabling<\/li>\n<li>00 UGQ &#8211; Cutting ditch maps, drainage pumping station &#8211; 6 pipe ducts<\/li>\n<\/ul>\n<h4>Other jobs:<\/h4>\n<ul>\n<li>Fire protection of metal framework buildings, structures and equipments.<\/li>\n<li>Temporary car roads and court belonging to the PPR under construction<\/li>\n<li>Installation control of hoisting apparatus, elevators<\/li>\n<li>Performance control of arc welding operations<\/li>\n<li>Installation control of metering equipment (gauge panel), automation<\/li>\n<li>Supervision of installation of lifting devices, elevators<\/li>\n<li>Monitor implementation of electric welding<\/li>\n<\/ul>\n<p>[\/vc_column_text][\/vc_column_inner][\/vc_row_inner][\/vc_column][\/vc_row]<\/p>\n","protected":false},"excerpt":{"rendered":"<p>[vc_row row_height_percent=\u00bb35&#8243; override_padding=\u00bbyes\u00bb h_padding=\u00bb1&#8243; top_padding=\u00bb4&#8243; bottom_padding=\u00bb4&#8243; back_color=\u00bbcolor-xsdn\u00bb overlay_alpha=\u00bb50&#8243; equal_height=\u00bbyes\u00bb gutter_size=\u00bb2&#8243; column_width_percent=\u00bb100&#8243; border_color=\u00bbcolor-gyho\u00bb border_style=\u00bbsolid\u00bb shift_y=\u00bb0&#8243; z_index=\u00bb0&#8243; css=\u00bb.vc_custom_1510664657651{border-bottom-width: 1px !important;}\u00bb][vc_column column_width_percent=\u00bb100&#8243; align_horizontal=\u00bbalign_center\u00bb [&hellip;]<\/p>\n","protected":false},"author":1,"featured_media":0,"parent":0,"menu_order":0,"comment_status":"closed","ping_status":"closed","template":"","meta":{"footnotes":""},"class_list":["post-65733","page","type-page","status-publish","hentry"],"_links":{"self":[{"href":"https:\/\/roinworld.com\/es\/wp-json\/wp\/v2\/pages\/65733","targetHints":{"allow":["GET"]}}],"collection":[{"href":"https:\/\/roinworld.com\/es\/wp-json\/wp\/v2\/pages"}],"about":[{"href":"https:\/\/roinworld.com\/es\/wp-json\/wp\/v2\/types\/page"}],"author":[{"embeddable":true,"href":"https:\/\/roinworld.com\/es\/wp-json\/wp\/v2\/users\/1"}],"replies":[{"embeddable":true,"href":"https:\/\/roinworld.com\/es\/wp-json\/wp\/v2\/comments?post=65733"}],"version-history":[{"count":10,"href":"https:\/\/roinworld.com\/es\/wp-json\/wp\/v2\/pages\/65733\/revisions"}],"predecessor-version":[{"id":66820,"href":"https:\/\/roinworld.com\/es\/wp-json\/wp\/v2\/pages\/65733\/revisions\/66820"}],"wp:attachment":[{"href":"https:\/\/roinworld.com\/es\/wp-json\/wp\/v2\/media?parent=65733"}],"curies":[{"name":"wp","href":"https:\/\/api.w.org\/{rel}","templated":true}]}}